
{"id":421,"date":"2022-11-02T11:29:39","date_gmt":"2022-11-02T08:29:39","guid":{"rendered":"https:\/\/www.dogudent.com\/de\/?page_id=421"},"modified":"2023-02-17T15:42:16","modified_gmt":"2023-02-17T12:42:16","slug":"datenschutz-bestimmungen","status":"publish","type":"page","link":"https:\/\/www.dogudent.com\/de\/datenschutz-bestimmungen\/","title":{"rendered":"Datenschutz-Bestimmungen"},"content":{"rendered":"\t\t<div data-elementor-type=\"wp-page\" data-elementor-id=\"421\" class=\"elementor elementor-421\">\n\t\t\t\t\t\t\t\t\t<section data-particle_enable=\"false\" data-particle-mobile-disabled=\"false\" class=\"elementor-section elementor-top-section elementor-element elementor-element-ee86bf7 elementor-section-boxed elementor-section-height-default elementor-section-height-default\" data-id=\"ee86bf7\" data-element_type=\"section\" data-settings=\"{&quot;tmea_shape_divider_top&quot;:&quot;none&quot;,&quot;tmea_shape_divider_bottom&quot;:&quot;none&quot;}\">\n\t\t\t\t\t\t<div class=\"elementor-container elementor-column-gap-default\">\n\t\t\t\t\t<div class=\"elementor-column elementor-col-100 elementor-top-column elementor-element elementor-element-9faceb1\" data-id=\"9faceb1\" data-element_type=\"column\">\n\t\t\t<div class=\"elementor-widget-wrap elementor-element-populated\">\n\t\t\t\t\t\t\t\t<div class=\"elementor-element elementor-element-00dfbae elementor-widget elementor-widget-heading\" data-id=\"00dfbae\" data-element_type=\"widget\" data-widget_type=\"heading.default\">\n\t\t\t\t<div class=\"elementor-widget-container\">\n\t\t\t<style>\/*! elementor - v3.13.3 - 22-05-2023 *\/\n.elementor-heading-title{padding:0;margin:0;line-height:1}.elementor-widget-heading .elementor-heading-title[class*=elementor-size-]>a{color:inherit;font-size:inherit;line-height:inherit}.elementor-widget-heading .elementor-heading-title.elementor-size-small{font-size:15px}.elementor-widget-heading .elementor-heading-title.elementor-size-medium{font-size:19px}.elementor-widget-heading .elementor-heading-title.elementor-size-large{font-size:29px}.elementor-widget-heading .elementor-heading-title.elementor-size-xl{font-size:39px}.elementor-widget-heading .elementor-heading-title.elementor-size-xxl{font-size:59px}<\/style><h2 class=\"elementor-heading-title elementor-size-default\">Datenschutz-Bestimmungen<\/h2>\t\t<\/div>\n\t\t\t\t<\/div>\n\t\t\t\t<div class=\"elementor-element elementor-element-42ad126 elementor-widget elementor-widget-text-editor\" data-id=\"42ad126\" data-element_type=\"widget\" data-widget_type=\"text-editor.default\">\n\t\t\t\t<div class=\"elementor-widget-container\">\n\t\t\t<style>\/*! elementor - v3.13.3 - 22-05-2023 *\/\n.elementor-widget-text-editor.elementor-drop-cap-view-stacked .elementor-drop-cap{background-color:#69727d;color:#fff}.elementor-widget-text-editor.elementor-drop-cap-view-framed .elementor-drop-cap{color:#69727d;border:3px solid;background-color:transparent}.elementor-widget-text-editor:not(.elementor-drop-cap-view-default) .elementor-drop-cap{margin-top:8px}.elementor-widget-text-editor:not(.elementor-drop-cap-view-default) .elementor-drop-cap-letter{width:1em;height:1em}.elementor-widget-text-editor .elementor-drop-cap{float:left;text-align:center;line-height:1;font-size:50px}.elementor-widget-text-editor .elementor-drop-cap-letter{display:inline-block}<\/style>\t\t\t\t<p><strong>PDPA \u2013 Datenschutzgesetz Website-Informationshinweis<\/strong><\/p><p><strong>Datenverantwortlicher<\/strong>: TA\u015eDENT SAGLIK HIZMETLERI MEDICAL AND TIBBI DEVICES INDUSTRY AND TRADE LIMITED COMPANY<br \/><strong>Adresse<\/strong>: Arma\u011fanevler Mah. 23 Nissan Cad. Nr.: 7\/A<br \/>(\u00dcber Iski) Umraniye \/ ISTANBUL<\/p><p>Die von Ihnen weitergegebenen personenbezogenen und privaten Daten werden in Bezug auf das Gesetz zum Schutz personenbezogener Daten im Rahmen der medizinischen Gesetzgebung im Zusammenhang mit unseren Dienstleistungen und T\u00e4tigkeitszielen als eingeschr\u00e4nkt und zur\u00fcckhaltend verarbeitet. Bitte lesen Sie unsere Patienten-PDPA, die f\u00fcr unsere Patienten separat erstellt wird.<\/p><p><strong>Erfassungsmethode Ihrer Daten und Rechtsgrund<\/strong><br \/>Ihre m\u00fcndlichen und schriftlichen personenbezogenen Daten k\u00f6nnen von Whatsapp oder von jeder anderen elektronischen Umgebung erfasst werden. Wenn Sie unser Formular im Abschnitt \u201eErreichen Sie uns\u201c ausf\u00fcllen, wird hier eine Datenerfassungsaktivit\u00e4t im Zusammenhang mit der Ursache durchgef\u00fchrt. Ihre pers\u00f6nlichen Daten, Untersuchungsdaten, Gesundheitsdaten, Behandlungsprotokolle, verschiedene m\u00fcndliche und schriftliche Vertr\u00e4ge, Eingaben, Befragungen, Rechtsstreitigkeiten oder alle im Betreibungsverfahren gesammelten Unterlagen werden in Bezug auf die Situation des konkreten Falls verarbeitet, der bestimmte Gesundheitsleistungen erfordert. Auf dieser Website werden von uns keine Daten verarbeitet und Protokollaufzeichnungen (IP-Nummer, Zeitstempel, Verkehrsinformationen) k\u00f6nnen vom Domain-Provider-Informatikunternehmen im Rahmen der Gesetzesnummer 5651 aufbewahrt werden. Auf unserer Website werden keine Cookies verwendet. Die Adresse der Website und die Telefonnummer werden in der Bewerbung angegeben, um Informationen \u00fcber die von uns angebotenen Dienstleistungen zu geben.<\/p><p>Diese Daten von Ihnen k\u00f6nnen entweder von automatischen Methoden wie Whatsapp etc. Schreiben von Apps, E-Mail, Internet, Platten, CD\/DVD, Speicherkarten, Telefonen oder \u00e4hnlichen elektronischen oder internetbasierten Ger\u00e4ten; oder nicht automatisierte Verfahren wie Formulare, Vertr\u00e4ge, Bescheide, gerichtliche oder beh\u00f6rdliche Entscheidungen.<\/p><p>Geheimhaltungsverpflichtungen werden innerhalb des Vereinbarungsprotokolls innerhalb von PDPA mit Anbietern von Datenbankdiensten f\u00fcr Patientenakten, Anbietern von medizinischem Verbrauchsmaterial und speziellen Krankenh\u00e4usern oder Labors, in denen wir arbeiten, eingegangen<br \/>koordiniert Gesendete Lebensl\u00e4ufe werden nicht bearbeitet, bevor sie f\u00fcr Bewerbungen erforderlich sind. Wenn die Erstellung eines Lebenslaufpools gew\u00fcnscht wird, wird ein ausdr\u00fccklicher Zustimmungsantrag gestellt.<\/p><p><strong>Rechtliche Gr\u00fcnde f\u00fcr die Verarbeitung Ihrer personenbezogenen Daten:<\/strong><br \/>1. Ihre Daten wie Identit\u00e4ts- und Adressinformationen werden von der Steuergesetzgebung verlangt. Und ihre Ausf\u00fchrung ist notwendig.<br \/>2. Die gesetzlichen Verpflichtungen unserer Klinik zur Aufbewahrung von Dateien, zum Verbergen und Melden von Informationen und zum Teilen mit den zust\u00e4ndigen Beh\u00f6rden, die durch die Gesundheitsgesetzgebung verursacht werden, sind erforderlich.<br \/>3. Es ist f\u00fcr die Vertragsabwicklung erforderlich.<br \/>4. Schutz, Nutzung und Zurverf\u00fcgungstellung der Rechte und Forderungen unserer Klinik<br \/>5. ausdr\u00fcckliche Zustimmung, falls erforderlich.<\/p><p><strong>ZWECK DER VERARBEITUNG IHRER PERSONENBEZOGENEN DATEN<\/strong><\/p><p>Ihre Daten werden gem\u00e4\u00df den in Artikel 4\/2 des Datenschutzgesetzes niedergelegten Grunds\u00e4tzen und erwarteten Aktivit\u00e4ten im Rahmen der Gesundheitsgesetzgebung verarbeitet, um Ihnen die Dienstleistungen zur Verf\u00fcgung zu stellen, die gesetzlich vorgeschriebene Akte zu f\u00fchren, Informationen zu verbergen und zu melden, Steuern und anderen Verpflichtungen nachkommen.<br \/>Ihre personenbezogenen Daten werden, wenn sie nicht innerhalb der gesetzlich vorgeschriebenen Frist mit Bezug auf die berechtigten Vorteile und die ausdr\u00fcckliche Zustimmung gespeichert werden, nach ausreichender Aufbewahrung gel\u00f6scht. Digitale Daten werden restlos entsorgt, Papiere werden geschreddert. Wenn eine betroffene Person die sofortige Entsorgung verlangt, erfolgt dies im Rahmen der gesetzlichen Bestimmungen.<br \/>Die Ausblendung der personenbezogenen Daten und der Ausblendzeiten in unserer Entsorgungsrichtlinie ist sorgf\u00e4ltig geplant. Generell gilt Vertragslaufzeit 10 Jahre, Arbeitsrecht 10 Jahre, Steuerbescheide 10 Jahre; und nach dem Ende der Krankenaktendienste gilt es f\u00fcr 30 Jahre.<\/p><p><strong>\u00dcbermittlung Ihrer personenbezogenen Daten<\/strong><br \/>Ihre personenbezogenen Daten werden grunds\u00e4tzlich nicht ins Ausland \u00fcbermittelt. Aber bei der Nutzung von Auslandsdiensten wie Patientenakte und Termindatenbank, E-Mails wie gmail, whatsapp, k\u00f6nnen Ihre Daten ungewollt ins Ausland herausgegeben werden. Die Daten unserer ausl\u00e4ndischen Patienten k\u00f6nnen bei Bedarf mit Auslandsadressen f\u00fcr ihre Versicherungspolice-Prozesse oder Gesundheitstourismus-Prozesse geteilt werden.<br \/>Ihre personenbezogenen Daten werden zu den oben genannten Zwecken im Rahmen von PDPA und anderen Verpflichtungen an voraussichtliche Situationen in der Gesetzgebung \u00fcber inl\u00e4ndische Institutionen und Organisationen, Regulierungs- und Aufsichtsbeh\u00f6rden, Sozialversicherungstr\u00e4ger (SSI), Gerichte, Staatsanwaltschaften, Verwaltungsbeh\u00f6rden \u00fcbermittelt und andere Beh\u00f6rden.<\/p><p>Ihre Rechte als relevante Person, deren Daten verarbeitet werden<br \/>Innerhalb des PDPA-Gesetzes Nr. 11 und anderer g\u00fcltiger Gesetze;<br \/>\u2013 Erfahren, ob Ihre personenbezogenen Daten verarbeitet werden oder nicht<br \/>\u2013 Auskunft \u00fcber Ihre eventuell verarbeiteten Daten anfordern<br \/>\u2013 Kenntnis \u00fcber den Grund der Verarbeitung Ihrer personenbezogenen Daten und ob diese ordnungsgem\u00e4\u00df verwendet wurden<br \/>\u2013 Kenntnis von Dritten im In- oder Ausland, dass Ihre personenbezogenen Daten \u00fcbermittelt wurden<br \/>\u2013 Fordern Sie eine Berichtigung \u00fcber falsche oder falsch verarbeitete Daten an<br \/>\u2013 Innerhalb der erwarteten Bedingungen von PDPA, Aufforderung zur Entfernung oder Entsorgung Ihrer Daten<br \/>\u2013 Wenn Ihre Daten entfernt oder entsorgt werden, fordern Sie die Benachrichtigung der Drittpersonen an, die Kenntnis von Ihren personenbezogenen Daten haben.<br \/>\u2013 Protest gegen ein Ergebnis gegen Sie, das das Ergebnis der Analyse der verarbeiteten Daten ist, die ausschlie\u00dflich von automatischen Systemen durchgef\u00fchrt wird<br \/>\u2013 Fordern Sie die Erstattung Ihres Schadens aufgrund der illegalen Verarbeitung Ihrer personenbezogenen Daten an, wenn Sie einen Schaden erleiden<\/p><p><strong>REGELN UND VERFAHREN, DIE BEFOLGT WERDEN, WENN SIE IHRE ANFRAGEN DURCHF\u00dcHREN<\/strong><br \/>Sie als betroffene Person in Bezug auf personenbezogene Daten k\u00f6nnen Ihre oben erl\u00e4uterten Rechte, Erl\u00e4uterungen zu Ihrem Recht, um deren Aus\u00fcbung Sie gebeten haben, in klarer und verst\u00e4ndlicher Weise an die Adressen von Arma\u011fanevler Mah senden. 23 Nissan Cad. Nr.: 7\/A<br \/>(\u00dcber \u0130ski) \u00dcmraniye \/ \u0130STANBUL mit nasser Unterschrift per Post. Die Erforderlichkeit der Sachverhalte, die Ihrer Bewerbung zugrunde liegen, kann erforderlich sein und Ihre Bewerbung muss Ihre Identifikations- und Adressdaten enthalten. Die Identit\u00e4tsauthentifizierung erfolgt mit den eingeschr\u00e4nkten Informationen von Ihnen, die wir besitzen. Wenn Sie f\u00fcr jemand anderen einen Antrag stellen, m\u00fcssen Sie sich mit einem speziellen autorisierten Durchsuchungsbefehl bewerben. Es gibt keine spezielle Art der Bewerbung und Sie k\u00f6nnen das Bewerbungsformular auf unserer Website verwenden. Wenn Sie Ihre Anfrage klar formulieren, erhalten Sie eine solide und klare Antwort.<\/p>\t\t\t\t\t\t<\/div>\n\t\t\t\t<\/div>\n\t\t\t\t\t<\/div>\n\t\t<\/div>\n\t\t\t\t\t\t\t<\/div>\n\t\t<\/section>\n\t\t\t\t\t\t\t<\/div>\n\t\t","protected":false},"excerpt":{"rendered":"<p>Datenschutz-Bestimmungen PDPA \u2013 Datenschutzgesetz Website-Informationshinweis Datenverantwortlicher: TA\u015eDENT SAGLIK HIZMETLERI MEDICAL AND TIBBI DEVICES INDUSTRY AND TRADE LIMITED COMPANYAdresse: Arma\u011fanevler Mah. 23 Nissan Cad. Nr.: 7\/A(\u00dcber Iski) Umraniye \/ ISTANBUL Die von Ihnen weitergegebenen personenbezogenen und privaten Daten werden in Bezug auf das Gesetz zum Schutz personenbezogener Daten im Rahmen der medizinischen Gesetzgebung im Zusammenhang mit [&hellip;]<\/p>\n","protected":false},"author":1,"featured_media":0,"parent":0,"menu_order":0,"comment_status":"closed","ping_status":"closed","template":"","meta":{"footnotes":""},"class_list":["post-421","page","type-page","status-publish","hentry"],"_links":{"self":[{"href":"https:\/\/www.dogudent.com\/de\/wp-json\/wp\/v2\/pages\/421","targetHints":{"allow":["GET"]}}],"collection":[{"href":"https:\/\/www.dogudent.com\/de\/wp-json\/wp\/v2\/pages"}],"about":[{"href":"https:\/\/www.dogudent.com\/de\/wp-json\/wp\/v2\/types\/page"}],"author":[{"embeddable":true,"href":"https:\/\/www.dogudent.com\/de\/wp-json\/wp\/v2\/users\/1"}],"replies":[{"embeddable":true,"href":"https:\/\/www.dogudent.com\/de\/wp-json\/wp\/v2\/comments?post=421"}],"version-history":[{"count":0,"href":"https:\/\/www.dogudent.com\/de\/wp-json\/wp\/v2\/pages\/421\/revisions"}],"wp:attachment":[{"href":"https:\/\/www.dogudent.com\/de\/wp-json\/wp\/v2\/media?parent=421"}],"curies":[{"name":"wp","href":"https:\/\/api.w.org\/{rel}","templated":true}]}}